{"id":903,"date":"2024-03-28T09:37:08","date_gmt":"2024-03-28T09:37:08","guid":{"rendered":"https:\/\/letterconfetti.com\/datenschutzerklaerung-und-cookie-richtlinie\/"},"modified":"2025-06-24T15:03:15","modified_gmt":"2025-06-24T15:03:15","slug":"datenschutzerklaerung-und-cookie-richtlinie","status":"publish","type":"page","link":"https:\/\/letterconfetti.com\/de\/datenschutzerklaerung-und-cookie-richtlinie\/","title":{"rendered":"Datenschutz &amp; Cookies"},"content":{"rendered":"\t\t<div data-elementor-type=\"wp-page\" data-elementor-id=\"903\" class=\"elementor elementor-903 elementor-3\" data-elementor-post-type=\"page\">\n\t\t\t\t<div class=\"elementor-element elementor-element-58d9094 e-flex e-con-boxed e-con e-parent\" data-id=\"58d9094\" data-element_type=\"container\" data-e-type=\"container\">\n\t\t\t\t\t<div class=\"e-con-inner\">\n\t\t\t\t<div class=\"elementor-element elementor-element-6207348b elementor-widget elementor-widget-text-editor\" data-id=\"6207348b\" data-element_type=\"widget\" data-e-type=\"widget\" data-widget_type=\"text-editor.default\">\n\t\t\t\t<div class=\"elementor-widget-container\">\n\t\t\t\t\t\t\t\t\t<p class=\"p2\">Letterconfetti ist verantwortlich f\u00fcr die Verarbeitung personenbezogener Daten, wie sie in dieser Datenschutz-erkl\u00e4rung beschrieben sind.<\/p><p class=\"p2\"><strong>Kontaktinformationen:<\/strong><br>Pia Hoffmann<br>https:\/\/www.letterconfetti.com<br>info@letterconfetti.com<\/p><p class=\"p2\"><strong>Von mir verarbeitete personenbezogene Daten<\/strong><br>Letterconfetti verarbeitet Ihre personenbezogenen Daten, weil Sie meine Dienstleistungen nutzen und\/oder weil Sie mir diese Daten selbst zur Verf\u00fcgung stellen.<br>Im Folgenden finden Sie eine \u00dcbersicht \u00fcber die von mir verarbeiteten personenbezogenen Daten:<br>&#8211; Vor- und Nachname<br>&#8211; Telefonnummer<br>&#8211; E-Mail-Adresse<\/p><p class=\"p2\"><strong>Besondere und\/oder sensible personenbezogene Daten<\/strong><br>Diese Website und\/oder meine Dienstleistungen beabsichtigen nicht, Daten von Website-Besucher:innen unter 16 Jahren zu speichern. Es sei denn, sie haben die Erlaubnis ihrer Eltern oder Erziehungsberechtigten. Es ist allerdings nicht zu \u00fcberpr\u00fcfen, ob Besucher:innen \u00e4lter als 16 Jahre sind. Es wird daher den Eltern geraten, sich mit den Online-Aktivit\u00e4ten ihrer Kinder zu befassen, um zu vermeiden, dass Daten von Minderj\u00e4hrigen ohne die Zustimmung der Eltern gespeichert werden. Wenn Sie davon \u00fcberzeugt sind, dass Letterconfetti personenbezogene Daten \u00fcber Minderj\u00e4hrige ohne eine solche Zustimmung gespeichert hat, wenden Sie sich bitte an info@letterconfetti.com. Ich werde diese Daten l\u00f6schen.    <\/p><p class=\"p2\"><strong>Letterconfetti verarbeitet Ihre personenbezogenen Daten f\u00fcr die folgenden Zwecke:<\/strong><br>&#8211; Um Sie anrufen oder Ihnen eine E-Mail schicken zu k\u00f6nnen, falls dies zur Erbringung meiner Dienstleistungen erforderlich ist<br>&#8211; Um Ihnen Dienstleistungen zu liefern<\/p><p class=\"p2\"><strong>Automatisierte Entscheidungen<\/strong><br>Letterconfetti trifft keine Entscheidungen, die auf einer automatisierten Verarbeitung beruhen.<\/p><p class=\"p2\"><strong>Wie lange Letterconfetti personenbezogene Daten aufbewahrt<\/strong><br>Letterconfetti speichert Ihre personenbezogenen Daten nicht l\u00e4nger als unbedingt notwendig, um die Zwecke zu erf\u00fcllen, f\u00fcr die Ihre Daten erhoben wurden.<\/p><p class=\"p2\"><strong>Weitergabe personenbezogener Daten an Dritte<\/strong><br>Letterconfetti gibt personenbezogene Daten nur dann an Dritte weiter, wenn dies f\u00fcr die Erf\u00fcllung unserer Vereinbarung mit Ihnen oder zur Erf\u00fcllung einer gesetzlichen Verpflichtung erforderlich ist.<\/p><p class=\"p2\"><strong>Cookies oder \u00e4hnliche Techniken, die Letterconfetti verwendet<\/strong><br>Letterconfetti verwendet funktionale, analytische und Tracking-Cookies. Ein Cookie ist eine kleine Textdatei, die beim ersten Besuch dieser Website auf Ihrem Computer, Tablet oder Smartphone gespeichert wird. Letterconfetti verwendet Cookies mit rein technischer Funktionalit\u00e4t. Diese sorgen daf\u00fcr, dass die Website ordnungsgem\u00e4\u00df funktioniert und beispielsweise Ihre bevorzugten Einstellungen gespeichert werden. Mit Hilfe dieser Cookies kann die Website au\u00dferdem optimiert werden. Dar\u00fcber hinaus setzt Letterconfetti Cookies ein, die Ihr Surfverhalten verfolgen. Bei Ihrem ersten Besuch auf dieser Website wurden Sie bereits \u00fcber diese Cookies informiert und um Ihre Zustimmung zu deren Verwendung gebeten. Sie k\u00f6nnen Cookies deaktivieren, indem Sie Ihren Browser so einstellen, dass keine Cookies mehr gespeichert werden. Dar\u00fcber hinaus k\u00f6nnen Sie alle zuvor gespeicherten Informationen \u00fcber die Einstellungen Ihres Browsers l\u00f6schen.        <\/p><p class=\"p2\"><strong>Einsichtnahme, Berichtigung oder L\u00f6schung von Daten<\/strong><br>Sie haben das Recht, Ihre personenbezogenen Daten einzusehen, zu berichtigen oder zu l\u00f6schen. Dar\u00fcber hinaus haben Sie das Recht, Ihre eventuelle Einwilligung zur Datenverarbeitung zu widerrufen oder der Verarbeitung Ihrer personenbezogenen Daten durch Letterconfetti zu widersprechen. Au\u00dferdem haben Sie das Recht auf Daten\u00fcbertragbarkeit. Das bedeutet, dass ich Ihnen oder einer anderen von Ihnen benannten Organisation auf Anfrage die betreffenden personenbezogenen Daten, die Sie mir bereitgestellt haben, in einem g\u00e4ngigen und maschinenlesbaren Format \u00fcbermittele.  <\/p><p class=\"p2\">Sie k\u00f6nnen einen Antrag auf Einsichtnahme, Berichtigung, L\u00f6schung, Daten\u00fcbertragbarkeit Ihrer personen-bezogenen Daten oder einen Antrag auf Widerruf Ihrer Einwilligung oder Widerspruch gegen die Ver-arbeitung Ihrer personenbezogenen Daten an info@letterconfetti senden.<\/p><p class=\"p2\">Um sicherzustellen, dass der Antrag auf Einsichtnahme von Ihnen gestellt wird, bitte ich Sie, dem Antrag eine Kopie Ihres Identit\u00e4tsnachweises beizuf\u00fcgen. Schw\u00e4rzen Sie auf dieser Kopie Ihr Passfoto, die MRZ (machine readable zone: der Zahlenstreifen am unteren Rand des Ausweisdokuments), die Passnummer und ggf. die niederl\u00e4ndische B\u00fcrgerservicenummer (BSN). Dies dient dem Schutz Ihrer Privatsph\u00e4re. Ich werde Ihre Anfrage so schnell wie m\u00f6glich, jedoch innerhalb von vier Wochen, beantworten.   <\/p><p class=\"p2\">Letterconfetti m\u00f6chte Sie auch darauf hinweisen, dass Sie die M\u00f6glichkeit haben, eine Beschwerde bei der niederl\u00e4ndischen Datenschutzbeh\u00f6rde Autoriteit Persoonsgegevens (AP) einzureichen. Dies geht \u00fcber den folgenden Link: <\/p><p class=\"p2\">https:\/\/autoriteitpersoonsgegevens.nl\/nl\/contact-met-de-autoriteit-persoonsgegevens\/tip-ons<\/p><p class=\"p2\"><strong>Wie Letterconfetti personenbezogene Daten sch\u00fctzt<\/strong><br>Letterconfetti nimmt den Schutz Ihrer Daten ernst und ergreift geeignete Ma\u00dfnahmen, um Missbrauch, Verlust, unbefugten Zugriff, unerw\u00fcnschte Offenlegung und unbefugte \u00c4nderung zu verhindern. Wenn Sie das Gef\u00fchl haben, dass Ihre Daten nicht ordnungsgem\u00e4\u00df gesichert sind oder es Anzeichen f\u00fcr einen Missbrauch gibt, kontaktieren Sie mich bitte \u00fcber info@letterconfetti.com<br><br>Sonstige Angaben zu dieser Datenschutzerkl\u00e4rung und Cookie-Richtlinie<br>Die deutsche Version dieser Datenschutzerkl\u00e4rung und Cookie-Richtlinie ist eine \u00dcbersetzung der niederl\u00e4ndischen Privacy- en Cookieverklaring. Bei unterschiedlicher Auslegung des deutschen und des niederl\u00e4ndischen Wortlauts ist der niederl\u00e4ndische Wortlaut ma\u00dfgebend. <\/p>\t\t\t\t\t\t\t\t<\/div>\n\t\t\t\t<\/div>\n\t\t\t\t\t<\/div>\n\t\t\t\t<\/div>\n\t\t\t\t<\/div>\n\t\t","protected":false},"excerpt":{"rendered":"<p>Letterconfetti ist verantwortlich f\u00fcr die Verarbeitung personenbezogener Daten, wie sie in dieser Datenschutz-erkl\u00e4rung beschrieben sind. Kontaktinformationen:Pia Hoffmannhttps:\/\/www.letterconfetti.cominfo@letterconfetti.com Von mir verarbeitete personenbezogene DatenLetterconfetti verarbeitet Ihre personenbezogenen Daten, weil Sie meine Dienstleistungen nutzen und\/oder weil Sie mir diese Daten selbst zur Verf\u00fcgung stellen.Im Folgenden finden Sie eine \u00dcbersicht \u00fcber die von mir verarbeiteten personenbezogenen Daten:&#8211; Vor- und [&hellip;]<\/p>\n","protected":false},"author":1,"featured_media":0,"parent":0,"menu_order":0,"comment_status":"closed","ping_status":"open","template":"","meta":{"iawp_total_views":22,"footnotes":""},"class_list":["post-903","page","type-page","status-publish","hentry"],"yoast_head":"<!-- This site is optimized with the Yoast SEO plugin v27.6 - https:\/\/yoast.com\/product\/yoast-seo-wordpress\/ -->\n<title>Datenschutz &amp; Cookies - Letterconfetti - Pia Hoffmann<\/title>\n<meta name=\"robots\" content=\"index, follow, max-snippet:-1, max-image-preview:large, max-video-preview:-1\" \/>\n<link rel=\"canonical\" href=\"https:\/\/letterconfetti.com\/de\/datenschutzerklaerung-und-cookie-richtlinie\/\" \/>\n<meta property=\"og:locale\" content=\"de_DE\" \/>\n<meta property=\"og:type\" content=\"article\" \/>\n<meta property=\"og:title\" content=\"Datenschutz &amp; Cookies - Letterconfetti - Pia Hoffmann\" \/>\n<meta property=\"og:description\" content=\"Letterconfetti ist verantwortlich f\u00fcr die Verarbeitung personenbezogener Daten, wie sie in dieser Datenschutz-erkl\u00e4rung beschrieben sind. Kontaktinformationen:Pia Hoffmannhttps:\/\/www.letterconfetti.cominfo@letterconfetti.com Von mir verarbeitete personenbezogene DatenLetterconfetti verarbeitet Ihre personenbezogenen Daten, weil Sie meine Dienstleistungen nutzen und\/oder weil Sie mir diese Daten selbst zur Verf\u00fcgung stellen.Im Folgenden finden Sie eine \u00dcbersicht \u00fcber die von mir verarbeiteten personenbezogenen Daten:&#8211; Vor- und [&hellip;]\" \/>\n<meta property=\"og:url\" content=\"https:\/\/letterconfetti.com\/de\/datenschutzerklaerung-und-cookie-richtlinie\/\" \/>\n<meta property=\"og:site_name\" content=\"Letterconfetti - Pia Hoffmann\" \/>\n<meta property=\"article:modified_time\" content=\"2025-06-24T15:03:15+00:00\" \/>\n<meta name=\"twitter:card\" content=\"summary_large_image\" \/>\n<meta name=\"twitter:label1\" content=\"Gesch\u00e4tzte Lesezeit\" \/>\n\t<meta name=\"twitter:data1\" content=\"4\u00a0Minuten\" \/>\n<script type=\"application\/ld+json\" class=\"yoast-schema-graph\">{\"@context\":\"https:\\\/\\\/schema.org\",\"@graph\":[{\"@type\":\"WebPage\",\"@id\":\"https:\\\/\\\/letterconfetti.com\\\/de\\\/datenschutzerklaerung-und-cookie-richtlinie\\\/\",\"url\":\"https:\\\/\\\/letterconfetti.com\\\/de\\\/datenschutzerklaerung-und-cookie-richtlinie\\\/\",\"name\":\"Datenschutz &amp; Cookies - Letterconfetti - Pia Hoffmann\",\"isPartOf\":{\"@id\":\"https:\\\/\\\/letterconfetti.com\\\/de\\\/#website\"},\"datePublished\":\"2024-03-28T09:37:08+00:00\",\"dateModified\":\"2025-06-24T15:03:15+00:00\",\"breadcrumb\":{\"@id\":\"https:\\\/\\\/letterconfetti.com\\\/de\\\/datenschutzerklaerung-und-cookie-richtlinie\\\/#breadcrumb\"},\"inLanguage\":\"de\",\"potentialAction\":[{\"@type\":\"ReadAction\",\"target\":[\"https:\\\/\\\/letterconfetti.com\\\/de\\\/datenschutzerklaerung-und-cookie-richtlinie\\\/\"]}]},{\"@type\":\"BreadcrumbList\",\"@id\":\"https:\\\/\\\/letterconfetti.com\\\/de\\\/datenschutzerklaerung-und-cookie-richtlinie\\\/#breadcrumb\",\"itemListElement\":[{\"@type\":\"ListItem\",\"position\":1,\"name\":\"Home\",\"item\":\"https:\\\/\\\/letterconfetti.com\\\/de\\\/\"},{\"@type\":\"ListItem\",\"position\":2,\"name\":\"Datenschutz &amp; Cookies\"}]},{\"@type\":\"WebSite\",\"@id\":\"https:\\\/\\\/letterconfetti.com\\\/de\\\/#website\",\"url\":\"https:\\\/\\\/letterconfetti.com\\\/de\\\/\",\"name\":\"Letterconfetti - Pia Hoffmann\",\"description\":\"Vertaler Duits, Nederlands, Engels\",\"publisher\":{\"@id\":\"https:\\\/\\\/letterconfetti.com\\\/de\\\/#organization\"},\"potentialAction\":[{\"@type\":\"SearchAction\",\"target\":{\"@type\":\"EntryPoint\",\"urlTemplate\":\"https:\\\/\\\/letterconfetti.com\\\/de\\\/?s={search_term_string}\"},\"query-input\":{\"@type\":\"PropertyValueSpecification\",\"valueRequired\":true,\"valueName\":\"search_term_string\"}}],\"inLanguage\":\"de\"},{\"@type\":\"Organization\",\"@id\":\"https:\\\/\\\/letterconfetti.com\\\/de\\\/#organization\",\"name\":\"Letterconfetti - Pia Hoffmann\",\"url\":\"https:\\\/\\\/letterconfetti.com\\\/de\\\/\",\"logo\":{\"@type\":\"ImageObject\",\"inLanguage\":\"de\",\"@id\":\"https:\\\/\\\/letterconfetti.com\\\/de\\\/#\\\/schema\\\/logo\\\/image\\\/\",\"url\":\"https:\\\/\\\/letterconfetti.com\\\/wp-content\\\/uploads\\\/2024\\\/04\\\/Logo-Letterconfetti_Nederlands.png\",\"contentUrl\":\"https:\\\/\\\/letterconfetti.com\\\/wp-content\\\/uploads\\\/2024\\\/04\\\/Logo-Letterconfetti_Nederlands.png\",\"width\":1873,\"height\":480,\"caption\":\"Letterconfetti - Pia Hoffmann\"},\"image\":{\"@id\":\"https:\\\/\\\/letterconfetti.com\\\/de\\\/#\\\/schema\\\/logo\\\/image\\\/\"}}]}<\/script>\n<!-- \/ Yoast SEO plugin. -->","yoast_head_json":{"title":"Datenschutz &amp; Cookies - Letterconfetti - Pia Hoffmann","robots":{"index":"index","follow":"follow","max-snippet":"max-snippet:-1","max-image-preview":"max-image-preview:large","max-video-preview":"max-video-preview:-1"},"canonical":"https:\/\/letterconfetti.com\/de\/datenschutzerklaerung-und-cookie-richtlinie\/","og_locale":"de_DE","og_type":"article","og_title":"Datenschutz &amp; Cookies - Letterconfetti - Pia Hoffmann","og_description":"Letterconfetti ist verantwortlich f\u00fcr die Verarbeitung personenbezogener Daten, wie sie in dieser Datenschutz-erkl\u00e4rung beschrieben sind. Kontaktinformationen:Pia Hoffmannhttps:\/\/www.letterconfetti.cominfo@letterconfetti.com Von mir verarbeitete personenbezogene DatenLetterconfetti verarbeitet Ihre personenbezogenen Daten, weil Sie meine Dienstleistungen nutzen und\/oder weil Sie mir diese Daten selbst zur Verf\u00fcgung stellen.Im Folgenden finden Sie eine \u00dcbersicht \u00fcber die von mir verarbeiteten personenbezogenen Daten:&#8211; Vor- und [&hellip;]","og_url":"https:\/\/letterconfetti.com\/de\/datenschutzerklaerung-und-cookie-richtlinie\/","og_site_name":"Letterconfetti - Pia Hoffmann","article_modified_time":"2025-06-24T15:03:15+00:00","twitter_card":"summary_large_image","twitter_misc":{"Gesch\u00e4tzte Lesezeit":"4\u00a0Minuten"},"schema":{"@context":"https:\/\/schema.org","@graph":[{"@type":"WebPage","@id":"https:\/\/letterconfetti.com\/de\/datenschutzerklaerung-und-cookie-richtlinie\/","url":"https:\/\/letterconfetti.com\/de\/datenschutzerklaerung-und-cookie-richtlinie\/","name":"Datenschutz &amp; Cookies - Letterconfetti - Pia Hoffmann","isPartOf":{"@id":"https:\/\/letterconfetti.com\/de\/#website"},"datePublished":"2024-03-28T09:37:08+00:00","dateModified":"2025-06-24T15:03:15+00:00","breadcrumb":{"@id":"https:\/\/letterconfetti.com\/de\/datenschutzerklaerung-und-cookie-richtlinie\/#breadcrumb"},"inLanguage":"de","potentialAction":[{"@type":"ReadAction","target":["https:\/\/letterconfetti.com\/de\/datenschutzerklaerung-und-cookie-richtlinie\/"]}]},{"@type":"BreadcrumbList","@id":"https:\/\/letterconfetti.com\/de\/datenschutzerklaerung-und-cookie-richtlinie\/#breadcrumb","itemListElement":[{"@type":"ListItem","position":1,"name":"Home","item":"https:\/\/letterconfetti.com\/de\/"},{"@type":"ListItem","position":2,"name":"Datenschutz &amp; Cookies"}]},{"@type":"WebSite","@id":"https:\/\/letterconfetti.com\/de\/#website","url":"https:\/\/letterconfetti.com\/de\/","name":"Letterconfetti - Pia Hoffmann","description":"Vertaler Duits, Nederlands, Engels","publisher":{"@id":"https:\/\/letterconfetti.com\/de\/#organization"},"potentialAction":[{"@type":"SearchAction","target":{"@type":"EntryPoint","urlTemplate":"https:\/\/letterconfetti.com\/de\/?s={search_term_string}"},"query-input":{"@type":"PropertyValueSpecification","valueRequired":true,"valueName":"search_term_string"}}],"inLanguage":"de"},{"@type":"Organization","@id":"https:\/\/letterconfetti.com\/de\/#organization","name":"Letterconfetti - Pia Hoffmann","url":"https:\/\/letterconfetti.com\/de\/","logo":{"@type":"ImageObject","inLanguage":"de","@id":"https:\/\/letterconfetti.com\/de\/#\/schema\/logo\/image\/","url":"https:\/\/letterconfetti.com\/wp-content\/uploads\/2024\/04\/Logo-Letterconfetti_Nederlands.png","contentUrl":"https:\/\/letterconfetti.com\/wp-content\/uploads\/2024\/04\/Logo-Letterconfetti_Nederlands.png","width":1873,"height":480,"caption":"Letterconfetti - Pia Hoffmann"},"image":{"@id":"https:\/\/letterconfetti.com\/de\/#\/schema\/logo\/image\/"}}]}},"_links":{"self":[{"href":"https:\/\/letterconfetti.com\/de\/wp-json\/wp\/v2\/pages\/903","targetHints":{"allow":["GET"]}}],"collection":[{"href":"https:\/\/letterconfetti.com\/de\/wp-json\/wp\/v2\/pages"}],"about":[{"href":"https:\/\/letterconfetti.com\/de\/wp-json\/wp\/v2\/types\/page"}],"author":[{"embeddable":true,"href":"https:\/\/letterconfetti.com\/de\/wp-json\/wp\/v2\/users\/1"}],"replies":[{"embeddable":true,"href":"https:\/\/letterconfetti.com\/de\/wp-json\/wp\/v2\/comments?post=903"}],"version-history":[{"count":5,"href":"https:\/\/letterconfetti.com\/de\/wp-json\/wp\/v2\/pages\/903\/revisions"}],"predecessor-version":[{"id":975,"href":"https:\/\/letterconfetti.com\/de\/wp-json\/wp\/v2\/pages\/903\/revisions\/975"}],"wp:attachment":[{"href":"https:\/\/letterconfetti.com\/de\/wp-json\/wp\/v2\/media?parent=903"}],"curies":[{"name":"wp","href":"https:\/\/api.w.org\/{rel}","templated":true}]}}